{"id":105,"date":"2019-07-12T10:43:56","date_gmt":"2019-07-12T08:43:56","guid":{"rendered":"http:\/\/hm-weissenseifen.de\/web\/?page_id=105"},"modified":"2020-02-13T11:41:43","modified_gmt":"2020-02-13T10:41:43","slug":"werkstaetten","status":"publish","type":"page","link":"http:\/\/hm-weissenseifen.de\/web\/werkstaetten\/","title":{"rendered":"Werkst\u00e4tten"},"content":{"rendered":"\n<p style=\"background-color:#d9ebeb\" class=\"has-background\">Ca. 500m vom Wohnbereich entfernt liegt das Werkstattgel\u00e4nde. Hier befinden sich auf einem Rasengel\u00e4nde mit Blumenbeeten und Fischteich vier freistehende H\u00e4user:<br>Die Schreinerei, die Weberei, die Kerzenzieherei sowie das Geb\u00e4ude f\u00fcr Kunsttherapie und Kreativwerkstatt.<\/p>\n\n\n\n<hr class=\"wp-block-separator is-style-wide\"\/>\n\n\n\n<div id=\"ez-toc-container\" class=\"ez-toc-v2_0_82_2 counter-hierarchy ez-toc-counter ez-toc-grey ez-toc-container-direction\">\n<p class=\"ez-toc-title\" style=\"cursor:inherit\">Inhaltsverzeichnis<\/p>\n<label for=\"ez-toc-cssicon-toggle-item-69f4657ac9538\" class=\"ez-toc-cssicon-toggle-label\"><span class=\"\"><span class=\"eztoc-hide\" style=\"display:none;\">Toggle<\/span><span class=\"ez-toc-icon-toggle-span\"><svg style=\"fill: #a36723;color:#a36723\" xmlns=\"http:\/\/www.w3.org\/2000\/svg\" class=\"list-377408\" width=\"20px\" height=\"20px\" viewBox=\"0 0 24 24\" fill=\"none\"><path d=\"M6 6H4v2h2V6zm14 0H8v2h12V6zM4 11h2v2H4v-2zm16 0H8v2h12v-2zM4 16h2v2H4v-2zm16 0H8v2h12v-2z\" fill=\"currentColor\"><\/path><\/svg><svg style=\"fill: #a36723;color:#a36723\" class=\"arrow-unsorted-368013\" xmlns=\"http:\/\/www.w3.org\/2000\/svg\" width=\"10px\" height=\"10px\" viewBox=\"0 0 24 24\" version=\"1.2\" baseProfile=\"tiny\"><path d=\"M18.2 9.3l-6.2-6.3-6.2 6.3c-.2.2-.3.4-.3.7s.1.5.3.7c.2.2.4.3.7.3h11c.3 0 .5-.1.7-.3.2-.2.3-.5.3-.7s-.1-.5-.3-.7zM5.8 14.7l6.2 6.3 6.2-6.3c.2-.2.3-.5.3-.7s-.1-.5-.3-.7c-.2-.2-.4-.3-.7-.3h-11c-.3 0-.5.1-.7.3-.2.2-.3.5-.3.7s.1.5.3.7z\"\/><\/svg><\/span><\/span><\/label><input type=\"checkbox\"  id=\"ez-toc-cssicon-toggle-item-69f4657ac9538\"  aria-label=\"Toggle\" \/><nav><ul class='ez-toc-list ez-toc-list-level-1 ' ><li class='ez-toc-page-1 ez-toc-heading-level-2'><a class=\"ez-toc-link ez-toc-heading-1\" href=\"http:\/\/hm-weissenseifen.de\/web\/werkstaetten\/#Weberei\" >Weberei<\/a><\/li><li class='ez-toc-page-1 ez-toc-heading-level-2'><a class=\"ez-toc-link ez-toc-heading-2\" href=\"http:\/\/hm-weissenseifen.de\/web\/werkstaetten\/#Schreinerei\" >Schreinerei<\/a><\/li><li class='ez-toc-page-1 ez-toc-heading-level-2'><a class=\"ez-toc-link ez-toc-heading-3\" href=\"http:\/\/hm-weissenseifen.de\/web\/werkstaetten\/#Kerzenzieherei\" >Kerzenzieherei<\/a><\/li><li class='ez-toc-page-1 ez-toc-heading-level-2'><a class=\"ez-toc-link ez-toc-heading-4\" href=\"http:\/\/hm-weissenseifen.de\/web\/werkstaetten\/#Garten-Forst-Gelaende\" >Garten-Forst-Gel\u00e4nde<\/a><\/li><li class='ez-toc-page-1 ez-toc-heading-level-2'><a class=\"ez-toc-link ez-toc-heading-5\" href=\"http:\/\/hm-weissenseifen.de\/web\/werkstaetten\/#Hauswirtschaft_und_Kueche\" >Hauswirtschaft und K\u00fcche<\/a><\/li><li class='ez-toc-page-1 ez-toc-heading-level-2'><a class=\"ez-toc-link ez-toc-heading-6\" href=\"http:\/\/hm-weissenseifen.de\/web\/werkstaetten\/#Backhaus\" >Backhaus<\/a><\/li><\/ul><\/nav><\/div>\n<h2 class=\"wp-block-heading\"><span class=\"ez-toc-section\" id=\"Weberei\"><\/span>Weberei<span class=\"ez-toc-section-end\"><\/span><\/h2>\n\n\n\n<p style=\"background-color:#d9ebeb\" class=\"has-background\">In der Weberei werden die Naturmaterialien Schafwolle und Baumwolle be- und verarbeitet. Neben den Arbeiten wie Wolle kardieren, spinnen oder filzen, wird vor allem am Webstuhl gearbeitet. Das Weben ist eine besonders harmonisierende T\u00e4tigkeit, da mit dem rhythmischen Schlag des Schiffchens das Vorne-Hinten mit dem Oben-Unten und dem Rechts-Links verbunden wird.<\/p>\n\n\n\nngg_shortcode_0_placeholder\n\n\n\n<h2 class=\"wp-block-heading\"><span class=\"ez-toc-section\" id=\"Schreinerei\"><\/span>Schreinerei<span class=\"ez-toc-section-end\"><\/span><\/h2>\n\n\n\n<p style=\"background-color:#d9ebeb\" class=\"has-background\">Instandsetzungen, Ausbauarbeiten, Zimmerarbeiten, Mobiliar und Sonderanfertigungen bestimmen das Arbeitsfeld der Schreinerei. In dieser befindet sich auch ein Arbeitsbereich speziell f\u00fcr die Sch\u00fctzlinge.<\/p>\n\n\n\nngg_shortcode_1_placeholder\n\n\n\n<h2 class=\"wp-block-heading\"><span class=\"ez-toc-section\" id=\"Kerzenzieherei\"><\/span> Kerzenzieherei<span class=\"ez-toc-section-end\"><\/span><\/h2>\n\n\n\n<p style=\"background-color:#d9ebeb\" class=\"has-background\">Bienenwachs ist ein warmes, durchlichtetes Material, das in besonderem Ma\u00dfe die Kr\u00e4fte des Gem\u00fctes, die Stimmung anspricht. Die W\u00e4rme und der Duft des Bienenwachses sowie die sich stetig wiederholenden ruhigen Bewegungen beim Kerzenziehen regen in wohltuender Weise den Sinnesorganismus an und schaffen eine warme umh\u00fcllende Atmosph\u00e4re.<\/p>\n\n\n\nngg_shortcode_2_placeholder\n\n\n\n<h2 class=\"wp-block-heading\"><span class=\"ez-toc-section\" id=\"Garten-Forst-Gelaende\"><\/span>Garten-Forst-Gel\u00e4nde<span class=\"ez-toc-section-end\"><\/span><\/h2>\n\n\n\n<p style=\"background-color:#d9ebeb\" class=\"has-background\">Das weitl\u00e4ufige Gel\u00e4nde, der eigene Wald sowie der gro\u00dfe Blumen- und Kr\u00e4utergarten bieten erholsame Ruhe und vielf\u00e4ltige Naturerlebnisse.<br>Gleichzeitig ist das Au\u00dfengel\u00e4nde auch Arbeitsplatz f\u00fcr mehrere Bewohner. T\u00e4tigkeiten wie Gel\u00e4ndepflege, Heckenschnitt, Brennholz machen, Wege anlegen und vieles mehr werden von zwei Arbeitsgruppen durchgef\u00fchrt. Der Garten gibt die Gelegenheit, das Wachstum der Pflanzen in allen Arbeitsschritten zu begleiten, von der Vorbereitung der Erde, \u00fcber das S\u00e4en, Pflegen und Hegen bis zur Ernte.<\/p>\n\n\n\nngg_shortcode_3_placeholder\n\n\n\n<h2 class=\"wp-block-heading\"><span class=\"ez-toc-section\" id=\"Hauswirtschaft_und_Kueche\"><\/span>Hauswirtschaft und K\u00fcche<span class=\"ez-toc-section-end\"><\/span><\/h2>\n\n\n\n<p style=\"background-color:#d9ebeb\" class=\"has-background\">In der Gemeinschaftsk\u00fcche wird t\u00e4glich frisch gekocht. Es werden vorwiegend biologisch-dynamische Produkte verwertet, bevorzugt vom eigenen landwirtschaftlichen Hof Steinich und aus dem Garten.<br>Die Bewohner werden in die anfallenden Haushaltsarbeiten mit einbezogen, z.B. beim Kochen und Backen, beim Abwasch und in der W\u00e4schepflege.<\/p>\n\n\n\n<h2 class=\"wp-block-heading\"><span class=\"ez-toc-section\" id=\"Backhaus\"><\/span>Backhaus<span class=\"ez-toc-section-end\"><\/span><\/h2>\n\n\n\n<p style=\"background-color:#d9ebeb\" class=\"has-background\">Wenn der gro\u00dfe, eif\u00f6rmige Steinofen im Backhaus mit Holzscheiten aufgeheizt wird, verbreitet er eine wohlige W\u00e4rme im Raum. Aus Zutaten in Demeter-Qualit\u00e4t werden Brot, Br\u00f6tchen, Kuchen und Pizza f\u00fcr den Eigenbedarf gebacken. So k\u00f6nnen die in den Arbeitsprozess einbezogenen Sch\u00fctzlinge durch ihre Mithilfe unmittelbar f\u00fcr die Gemeinschaft t\u00e4tig sein. <\/p>\n\n\n\nngg_shortcode_4_placeholder\n","protected":false},"excerpt":{"rendered":"<p>Ca. 500m vom Wohnbereich entfernt liegt das Werkstattgel\u00e4nde. Hier befinden sich auf einem Rasengel\u00e4nde mit Blumenbeeten und Fischteich vier freistehende H\u00e4user:Die Schreinerei, die Weberei, die Kerzenzieherei sowie das Geb\u00e4ude f\u00fcr Kunsttherapie und Kreativwerkstatt. Weberei In der Weberei werden die Naturmaterialien Schafwolle und Baumwolle be- und verarbeitet. Neben den Arbeiten wie&#8230;<\/p>\n<p> <a class=\"continue-reading-link\" href=\"http:\/\/hm-weissenseifen.de\/web\/werkstaetten\/\"><span>Continue reading<\/span><i class=\"crycon-right-dir\"><\/i><\/a> <\/p>\n","protected":false},"author":1,"featured_media":0,"parent":0,"menu_order":0,"comment_status":"closed","ping_status":"closed","template":"","meta":{"ngg_post_thumbnail":0,"footnotes":""},"class_list":["post-105","page","type-page","status-publish","hentry"],"_links":{"self":[{"href":"http:\/\/hm-weissenseifen.de\/web\/wp-json\/wp\/v2\/pages\/105","targetHints":{"allow":["GET"]}}],"collection":[{"href":"http:\/\/hm-weissenseifen.de\/web\/wp-json\/wp\/v2\/pages"}],"about":[{"href":"http:\/\/hm-weissenseifen.de\/web\/wp-json\/wp\/v2\/types\/page"}],"author":[{"embeddable":true,"href":"http:\/\/hm-weissenseifen.de\/web\/wp-json\/wp\/v2\/users\/1"}],"replies":[{"embeddable":true,"href":"http:\/\/hm-weissenseifen.de\/web\/wp-json\/wp\/v2\/comments?post=105"}],"version-history":[{"count":42,"href":"http:\/\/hm-weissenseifen.de\/web\/wp-json\/wp\/v2\/pages\/105\/revisions"}],"predecessor-version":[{"id":617,"href":"http:\/\/hm-weissenseifen.de\/web\/wp-json\/wp\/v2\/pages\/105\/revisions\/617"}],"wp:attachment":[{"href":"http:\/\/hm-weissenseifen.de\/web\/wp-json\/wp\/v2\/media?parent=105"}],"curies":[{"name":"wp","href":"https:\/\/api.w.org\/{rel}","templated":true}]}}