{"id":140,"date":"2019-07-12T11:58:56","date_gmt":"2019-07-12T09:58:56","guid":{"rendered":"http:\/\/hm-weissenseifen.de\/web\/?page_id=140"},"modified":"2020-02-13T11:49:50","modified_gmt":"2020-02-13T10:49:50","slug":"therapien","status":"publish","type":"page","link":"http:\/\/hm-weissenseifen.de\/web\/therapien\/","title":{"rendered":"Therapien"},"content":{"rendered":"\n<p style=\"background-color:#f9decb\" class=\"has-background\">Alle Bewohner\/innen erhalten regelm\u00e4\u00dfig oder epochenweise therapeutische Unterst\u00fctzung.<br>Angeboten werden Physiotherapie, polare Massage, Heileurythmie, Musik, Plastizieren, Malen sowie tiergest\u00fctzte Therapie<\/p>\n\n\n\nngg_shortcode_0_placeholder\n","protected":false},"excerpt":{"rendered":"<p>Alle Bewohner\/innen erhalten regelm\u00e4\u00dfig oder epochenweise therapeutische Unterst\u00fctzung.Angeboten werden Physiotherapie, polare Massage, Heileurythmie, Musik, Plastizieren, Malen sowie tiergest\u00fctzte Therapie<\/p>\n<p> <a class=\"continue-reading-link\" href=\"http:\/\/hm-weissenseifen.de\/web\/therapien\/\"><span>Continue reading<\/span><i class=\"crycon-right-dir\"><\/i><\/a> <\/p>\n","protected":false},"author":1,"featured_media":0,"parent":0,"menu_order":0,"comment_status":"closed","ping_status":"closed","template":"","meta":{"ngg_post_thumbnail":0,"footnotes":""},"class_list":["post-140","page","type-page","status-publish","hentry"],"_links":{"self":[{"href":"http:\/\/hm-weissenseifen.de\/web\/wp-json\/wp\/v2\/pages\/140","targetHints":{"allow":["GET"]}}],"collection":[{"href":"http:\/\/hm-weissenseifen.de\/web\/wp-json\/wp\/v2\/pages"}],"about":[{"href":"http:\/\/hm-weissenseifen.de\/web\/wp-json\/wp\/v2\/types\/page"}],"author":[{"embeddable":true,"href":"http:\/\/hm-weissenseifen.de\/web\/wp-json\/wp\/v2\/users\/1"}],"replies":[{"embeddable":true,"href":"http:\/\/hm-weissenseifen.de\/web\/wp-json\/wp\/v2\/comments?post=140"}],"version-history":[{"count":6,"href":"http:\/\/hm-weissenseifen.de\/web\/wp-json\/wp\/v2\/pages\/140\/revisions"}],"predecessor-version":[{"id":622,"href":"http:\/\/hm-weissenseifen.de\/web\/wp-json\/wp\/v2\/pages\/140\/revisions\/622"}],"wp:attachment":[{"href":"http:\/\/hm-weissenseifen.de\/web\/wp-json\/wp\/v2\/media?parent=140"}],"curies":[{"name":"wp","href":"https:\/\/api.w.org\/{rel}","templated":true}]}}