{"id":106,"date":"2019-07-11T16:35:57","date_gmt":"2019-07-11T14:35:57","guid":{"rendered":"http:\/\/hm-weissenseifen.de\/web\/?page_id=106"},"modified":"2026-04-08T10:18:18","modified_gmt":"2026-04-08T08:18:18","slug":"impressum","status":"publish","type":"page","link":"https:\/\/hm-weissenseifen.de\/web\/impressum\/","title":{"rendered":"Impressum"},"content":{"rendered":"\n<p><br><strong>Verantwortlich f\u00fcr die Webseite ist:<\/strong><br>Haus Michael e.V.<br>Lebensort f\u00fcr Seelenpflege-bed\u00fcrftige Menschen<br>Dorfstr. 5<br>54597 Hersdorf-Weissenseifen<\/p>\n\n\n\n<p><strong>Tel.:<\/strong> 06594 &#8211; 924310 <br>E-Mail: info@hm-weissenseifen.de<br><br>Eingetragen im Vereinsregister des Amtsgerichts Wittlich, VR30224<br><br><strong>Steuernr.:<\/strong>&nbsp;1065400026<br><br>* <strong>Haftungsbeschr\u00e4nkung<\/strong><br>f\u00fcr eigene Inhalte Alle Inhalte unseres Internetauftritts wurden mit Sorgfalt und nach bestem Gewissen erstellt. Eine Gew\u00e4hr f\u00fcr die Aktualit\u00e4t, Vollst\u00e4ndigkeit und Richtigkeit s\u00e4mtlicher Seiten kann jedoch nicht \u00fcbernommen werden. Gem\u00e4\u00df \u00a7 7 Abs. 1 TMG sind wir als Dienstanbieter f\u00fcr eigene Inhalte auf diesen Seiten nach den allgemeinen Gesetzen verantwortlich, nach den \u00a7\u00a7 8 bis 10 TMG jedoch nicht verpflichtet, die \u00fcbermittelten oder gespeicherten fremden Informationen zu \u00fcberwachen. Eine umgehende Entfernung dieser Inhalte erfolgt ab dem Zeitpunkt der Kenntnis einer konkreten Rechtsverletzung und wir haften nicht vor dem Zeitpunkt der Kenntniserlangung.&nbsp;<br><br>* <strong>Haftungsbeschr\u00e4nkung<\/strong><br>f\u00fcr externe Links Unsere Webseite enth\u00e4lt sog. \u201eexterne Links\u201c (Verkn\u00fcpfungen zu Webseiten Dritter), auf deren Inhalt wir keinen Einfluss haben und f\u00fcr den wir aus diesem Grund keine Gew\u00e4hr \u00fcbernehmen. F\u00fcr die Inhalte und Richtigkeit der Informationen ist der jeweilige Informationsanbieter der verlinkten Webseite verantwortlich. Als die Verlinkung vorgenommen wurde, waren f\u00fcr uns keine Rechtsverst\u00f6\u00dfe erkennbar. Sollte uns eine Rechtsverletzung bekannt werden, wird der jeweilige Link umgehend von uns entfernt.&nbsp;<br><br>* <strong>Urheberrecht<\/strong><br>Die auf dieser Webseite ver\u00f6ffentlichten Inhalte und Werke unterliegen dem deutschen Urheberrecht. Jede Art der Vervielf\u00e4ltigung, Bearbeitung, Verbreitung und jede Art der Verwertung au\u00dferhalb der Grenzen des Urheberrechts bedarf der vorherigen schriftlichen Zustimmung des jeweiligen Urhebers bzw. Autors. <\/p>\n\n\n\n<p><strong>Webdesign by: <\/strong> <br> Web &amp; PRINT MedienService<br> Internet: <a aria-label=\"www.webundprint.de (\u00f6ffnet in neuem Tab)\" href=\"http:\/\/www.webundprint.de\" target=\"_blank\" rel=\"noreferrer noopener\">www.webundprint.de<\/a><\/p>\n","protected":false},"excerpt":{"rendered":"<p>Verantwortlich f\u00fcr die Webseite ist:Haus Michael e.V.Lebensort f\u00fcr Seelenpflege-bed\u00fcrftige MenschenDorfstr. 554597 Hersdorf-Weissenseifen Tel.: 06594 &#8211; 924310 E-Mail: info@hm-weissenseifen.de Eingetragen im Vereinsregister des Amtsgerichts Wittlich, VR30224 Steuernr.:&nbsp;1065400026 * Haftungsbeschr\u00e4nkungf\u00fcr eigene Inhalte Alle Inhalte unseres Internetauftritts wurden mit Sorgfalt und nach bestem Gewissen erstellt. Eine Gew\u00e4hr f\u00fcr die Aktualit\u00e4t, Vollst\u00e4ndigkeit und Richtigkeit&#8230;<\/p>\n<p> <a class=\"continue-reading-link\" href=\"https:\/\/hm-weissenseifen.de\/web\/impressum\/\"><span>Continue reading<\/span><i class=\"crycon-right-dir\"><\/i><\/a> <\/p>\n","protected":false},"author":1,"featured_media":0,"parent":0,"menu_order":0,"comment_status":"closed","ping_status":"closed","template":"","meta":{"ngg_post_thumbnail":0,"footnotes":""},"class_list":["post-106","page","type-page","status-publish","hentry"],"_links":{"self":[{"href":"https:\/\/hm-weissenseifen.de\/web\/wp-json\/wp\/v2\/pages\/106","targetHints":{"allow":["GET"]}}],"collection":[{"href":"https:\/\/hm-weissenseifen.de\/web\/wp-json\/wp\/v2\/pages"}],"about":[{"href":"https:\/\/hm-weissenseifen.de\/web\/wp-json\/wp\/v2\/types\/page"}],"author":[{"embeddable":true,"href":"https:\/\/hm-weissenseifen.de\/web\/wp-json\/wp\/v2\/users\/1"}],"replies":[{"embeddable":true,"href":"https:\/\/hm-weissenseifen.de\/web\/wp-json\/wp\/v2\/comments?post=106"}],"version-history":[{"count":11,"href":"https:\/\/hm-weissenseifen.de\/web\/wp-json\/wp\/v2\/pages\/106\/revisions"}],"predecessor-version":[{"id":1520,"href":"https:\/\/hm-weissenseifen.de\/web\/wp-json\/wp\/v2\/pages\/106\/revisions\/1520"}],"wp:attachment":[{"href":"https:\/\/hm-weissenseifen.de\/web\/wp-json\/wp\/v2\/media?parent=106"}],"curies":[{"name":"wp","href":"https:\/\/api.w.org\/{rel}","templated":true}]}}