{"id":142,"date":"2019-07-12T12:00:25","date_gmt":"2019-07-12T10:00:25","guid":{"rendered":"http:\/\/hm-weissenseifen.de\/web\/?page_id=142"},"modified":"2019-10-24T15:22:50","modified_gmt":"2019-10-24T13:22:50","slug":"landwirtschaft","status":"publish","type":"page","link":"https:\/\/hm-weissenseifen.de\/web\/landwirtschaft\/","title":{"rendered":"Landwirtschaft"},"content":{"rendered":"\n<p>1976 wurde der nahe gelegene landwirtschaftliche Betrieb \u201eHof Steinich\u201c erworben, der als Arbeits- und Erlebnisraum f\u00fcr die Sch\u00fctzlinge geeignet ist. Die landwirtschaftlichen Produkte in Demeter-Qualit\u00e4t dienen der Selbstversorgung und werden samstags auf dem Bauernmarkt in Gerolstein verkauft.<\/p>\n\n\n\nngg_shortcode_0_placeholder\n\n\n\n<p><strong>Kontakt:<\/strong><br>Fam. Harborth<br>Auf dem Steinich 3<br>54570 M\u00fcrlenbach<br><br><strong>Tel.:<\/strong> 06594-1347<br><strong>Mail:<\/strong> <a href=\"mailto:Harborth.Steinich@web.de\">Harborth.Steinich@web.de<\/a><br><br><strong>Code-Nr.<\/strong> der Kontrollstelle DE-\u00d6KO-022<\/p>\n","protected":false},"excerpt":{"rendered":"<p>1976 wurde der nahe gelegene landwirtschaftliche Betrieb \u201eHof Steinich\u201c erworben, der als Arbeits- und Erlebnisraum f\u00fcr die Sch\u00fctzlinge geeignet ist. Die landwirtschaftlichen Produkte in Demeter-Qualit\u00e4t dienen der Selbstversorgung und werden samstags auf dem Bauernmarkt in Gerolstein verkauft. Kontakt:Fam. HarborthAuf dem Steinich 354570 M\u00fcrlenbach Tel.: 06594-1347Mail: Harborth.Steinich@web.de Code-Nr. der Kontrollstelle DE-\u00d6KO-022<\/p>\n<p> <a class=\"continue-reading-link\" href=\"https:\/\/hm-weissenseifen.de\/web\/landwirtschaft\/\"><span>Continue reading<\/span><i class=\"crycon-right-dir\"><\/i><\/a> <\/p>\n","protected":false},"author":1,"featured_media":0,"parent":0,"menu_order":0,"comment_status":"closed","ping_status":"closed","template":"","meta":{"ngg_post_thumbnail":0,"footnotes":""},"class_list":["post-142","page","type-page","status-publish","hentry"],"_links":{"self":[{"href":"https:\/\/hm-weissenseifen.de\/web\/wp-json\/wp\/v2\/pages\/142","targetHints":{"allow":["GET"]}}],"collection":[{"href":"https:\/\/hm-weissenseifen.de\/web\/wp-json\/wp\/v2\/pages"}],"about":[{"href":"https:\/\/hm-weissenseifen.de\/web\/wp-json\/wp\/v2\/types\/page"}],"author":[{"embeddable":true,"href":"https:\/\/hm-weissenseifen.de\/web\/wp-json\/wp\/v2\/users\/1"}],"replies":[{"embeddable":true,"href":"https:\/\/hm-weissenseifen.de\/web\/wp-json\/wp\/v2\/comments?post=142"}],"version-history":[{"count":4,"href":"https:\/\/hm-weissenseifen.de\/web\/wp-json\/wp\/v2\/pages\/142\/revisions"}],"predecessor-version":[{"id":679,"href":"https:\/\/hm-weissenseifen.de\/web\/wp-json\/wp\/v2\/pages\/142\/revisions\/679"}],"wp:attachment":[{"href":"https:\/\/hm-weissenseifen.de\/web\/wp-json\/wp\/v2\/media?parent=142"}],"curies":[{"name":"wp","href":"https:\/\/api.w.org\/{rel}","templated":true}]}}