{"id":41,"date":"2019-07-09T09:47:46","date_gmt":"2019-07-09T07:47:46","guid":{"rendered":"http:\/\/hm-weissenseifen.de\/web\/?page_id=41"},"modified":"2026-04-08T10:14:41","modified_gmt":"2026-04-08T08:14:41","slug":"haus-michael","status":"publish","type":"page","link":"https:\/\/hm-weissenseifen.de\/web\/","title":{"rendered":""},"content":{"rendered":"<a href=\"https:\/\/hm-weissenseifen.de\/web\/wp-content\/uploads\/2025\/12\/20251224-Weihnachtsgruss.pdf\" class=\"pdfemb-viewer\" style=\"width:600px;\" data-width=\"600\" data-height=\"max\" data-toolbar=\"bottom\" data-toolbar-fixed=\"off\">20251224-Weihnachtsgruss<\/a>\n\n\n<p><br>Haus Michael ist ein Lebensort mit Wohnangebot und therapeutischen Werkst\u00e4tten f\u00fcr Seelenpflege-bed\u00fcrftige Menschen. Hier leben vor allem Menschen mit unterschiedlichen Auspr\u00e4gungen des Autismus-Spektrums, sowie Menschen, die aufgrund ihrer geistigen und\/oder seelischen Behinderung eine ganzheitliche Betreuung, F\u00f6rderung und Lebensgestaltung brauchen.<br><br>Konzeptionelles Leitbild ist das anthroposophische Menschenbild, beruhend auf der Geisteswissenschaft Dr. Rudolf Steiners.<\/p>\n\n\n\n<p>Gegr\u00fcndet wurde die Einrichtung 1973 als Schulheim f\u00fcr autistische Kinder. Das Heranwachsen der Kinder und Jugendlichen, die hier eine Heimat gefunden hatten, machte eine Erweiterung zum Wohnheim f\u00fcr Erwachsene erforderlich, sowie die Schaffung therapeutischer Arbeitspl\u00e4tze. Es entstanden Schreinerei, Handweberei, Ton- und Holzwerkstatt sowie die Kerzenwerkstatt. Au\u00dferdem gibt es Einzel- und Kleingruppenarbeit in Hauswirtschaft, Garten, Forst und Gel\u00e4nde.<\/p>\n\n\n\n<p>1976 wurde der landwirtschaftliche Betrieb \u201eHof Steinich\u201c erworben, der ebenfalls als Arbeits- und Erlebnisraum f\u00fcr die Sch\u00fctzlinge dient. Die landwirtschaftlichen Produkte in Demeter-Qualit\u00e4t dienen der Selbstversorgung und werden samstags auf dem Wochenmarkt in Gerolstein verkauft.<\/p>\n\n\n\n<p>Zurzeit werden in Haus Michael 24 Menschen ganzj\u00e4hrig betreut und gef\u00f6rdert.<\/p>\n\n\n\n<p><\/p>\n","protected":false},"excerpt":{"rendered":"<p>Haus Michael ist ein Lebensort mit Wohnangebot und therapeutischen Werkst\u00e4tten f\u00fcr Seelenpflege-bed\u00fcrftige Menschen. Hier leben vor allem Menschen mit unterschiedlichen Auspr\u00e4gungen des Autismus-Spektrums, sowie Menschen, die aufgrund ihrer geistigen und\/oder seelischen Behinderung eine ganzheitliche Betreuung, F\u00f6rderung und Lebensgestaltung brauchen. Konzeptionelles Leitbild ist das anthroposophische Menschenbild, beruhend auf der Geisteswissenschaft Dr&#8230;.<\/p>\n<p> <a class=\"continue-reading-link\" href=\"https:\/\/hm-weissenseifen.de\/web\/\"><span>Continue reading<\/span><i class=\"crycon-right-dir\"><\/i><\/a> <\/p>\n","protected":false},"author":1,"featured_media":0,"parent":0,"menu_order":0,"comment_status":"closed","ping_status":"closed","template":"","meta":{"ngg_post_thumbnail":0,"footnotes":""},"class_list":["post-41","page","type-page","status-publish","hentry"],"_links":{"self":[{"href":"https:\/\/hm-weissenseifen.de\/web\/wp-json\/wp\/v2\/pages\/41","targetHints":{"allow":["GET"]}}],"collection":[{"href":"https:\/\/hm-weissenseifen.de\/web\/wp-json\/wp\/v2\/pages"}],"about":[{"href":"https:\/\/hm-weissenseifen.de\/web\/wp-json\/wp\/v2\/types\/page"}],"author":[{"embeddable":true,"href":"https:\/\/hm-weissenseifen.de\/web\/wp-json\/wp\/v2\/users\/1"}],"replies":[{"embeddable":true,"href":"https:\/\/hm-weissenseifen.de\/web\/wp-json\/wp\/v2\/comments?post=41"}],"version-history":[{"count":45,"href":"https:\/\/hm-weissenseifen.de\/web\/wp-json\/wp\/v2\/pages\/41\/revisions"}],"predecessor-version":[{"id":1519,"href":"https:\/\/hm-weissenseifen.de\/web\/wp-json\/wp\/v2\/pages\/41\/revisions\/1519"}],"wp:attachment":[{"href":"https:\/\/hm-weissenseifen.de\/web\/wp-json\/wp\/v2\/media?parent=41"}],"curies":[{"name":"wp","href":"https:\/\/api.w.org\/{rel}","templated":true}]}}