{"id":57,"date":"2019-07-09T14:12:51","date_gmt":"2019-07-09T12:12:51","guid":{"rendered":"http:\/\/hm-weissenseifen.de\/web\/?page_id=57"},"modified":"2022-09-13T14:32:32","modified_gmt":"2022-09-13T12:32:32","slug":"wohnen","status":"publish","type":"page","link":"https:\/\/hm-weissenseifen.de\/web\/wohnen\/","title":{"rendered":"Wohnen"},"content":{"rendered":"\n<p class=\"has-background\" style=\"background-color:#edd9d9\">Die Wohn- und Werkstattgeb\u00e4ude von Haus Michael liegen in der kleinen Ansiedlung Wei\u00dfenseifen. Die Umgebung ist ruhig, l\u00e4ndlich und waldreich. Die n\u00e4chsten D\u00f6rfer und Kleinst\u00e4dte liegen zwischen vier und zwanzig Kilometer entfernt. In Wei\u00dfenseifen gibt es auch mehrere K\u00fcnstlerinitiativen.<br>Die Wohn- und Werkstattgeb\u00e4ude liegen zusammen mit einigen Nebengeb\u00e4uden in einem park\u00e4hnlichen Gel\u00e4nde.<\/p>\n\n\n\n<p><\/p>\n\n\n\n<hr class=\"wp-block-separator has-css-opacity is-style-wide\"\/>\n\n\n\n<div id=\"ez-toc-container\" class=\"ez-toc-v2_0_82_2 counter-hierarchy ez-toc-counter ez-toc-grey ez-toc-container-direction\">\n<p class=\"ez-toc-title\" style=\"cursor:inherit\">Inhaltsverzeichnis<\/p>\n<label for=\"ez-toc-cssicon-toggle-item-6a058fc9a5a2e\" class=\"ez-toc-cssicon-toggle-label\"><span class=\"\"><span class=\"eztoc-hide\" style=\"display:none;\">Toggle<\/span><span class=\"ez-toc-icon-toggle-span\"><svg style=\"fill: #a36723;color:#a36723\" xmlns=\"http:\/\/www.w3.org\/2000\/svg\" class=\"list-377408\" width=\"20px\" height=\"20px\" viewBox=\"0 0 24 24\" fill=\"none\"><path d=\"M6 6H4v2h2V6zm14 0H8v2h12V6zM4 11h2v2H4v-2zm16 0H8v2h12v-2zM4 16h2v2H4v-2zm16 0H8v2h12v-2z\" fill=\"currentColor\"><\/path><\/svg><svg style=\"fill: #a36723;color:#a36723\" class=\"arrow-unsorted-368013\" xmlns=\"http:\/\/www.w3.org\/2000\/svg\" width=\"10px\" height=\"10px\" viewBox=\"0 0 24 24\" version=\"1.2\" baseProfile=\"tiny\"><path d=\"M18.2 9.3l-6.2-6.3-6.2 6.3c-.2.2-.3.4-.3.7s.1.5.3.7c.2.2.4.3.7.3h11c.3 0 .5-.1.7-.3.2-.2.3-.5.3-.7s-.1-.5-.3-.7zM5.8 14.7l6.2 6.3 6.2-6.3c.2-.2.3-.5.3-.7s-.1-.5-.3-.7c-.2-.2-.4-.3-.7-.3h-11c-.3 0-.5.1-.7.3-.2.2-.3.5-.3.7s.1.5.3.7z\"\/><\/svg><\/span><\/span><\/label><input type=\"checkbox\"  id=\"ez-toc-cssicon-toggle-item-6a058fc9a5a2e\"  aria-label=\"Toggle\" \/><nav><ul class='ez-toc-list ez-toc-list-level-1 ' ><li class='ez-toc-page-1 ez-toc-heading-level-2'><a class=\"ez-toc-link ez-toc-heading-1\" href=\"https:\/\/hm-weissenseifen.de\/web\/wohnen\/#Haupthaus\" >Haupthaus<\/a><\/li><li class='ez-toc-page-1 ez-toc-heading-level-2'><a class=\"ez-toc-link ez-toc-heading-2\" href=\"https:\/\/hm-weissenseifen.de\/web\/wohnen\/#Wiesenhaus\" >Wiesenhaus<\/a><\/li><li class='ez-toc-page-1 ez-toc-heading-level-2'><a class=\"ez-toc-link ez-toc-heading-3\" href=\"https:\/\/hm-weissenseifen.de\/web\/wohnen\/#Landhaus\" >Landhaus<\/a><\/li><li class='ez-toc-page-1 ez-toc-heading-level-2'><a class=\"ez-toc-link ez-toc-heading-4\" href=\"https:\/\/hm-weissenseifen.de\/web\/wohnen\/#Kultur_und_Jahreslauf\" >Kultur und Jahreslauf<\/a><\/li><\/ul><\/nav><\/div>\n<h2 class=\"wp-block-heading\"><span class=\"ez-toc-section\" id=\"Haupthaus\"><\/span>Haupthaus<span class=\"ez-toc-section-end\"><\/span><\/h2>\n\n\n\n<p class=\"has-background\" style=\"background-color:#edd9d9\">Das Haupthaus ist das \u00e4lteste Geb\u00e4ude. Hier wurde Haus Michael 1973 als Kinderheim gegr\u00fcndet. Heute gibt es hier drei Wohngruppen mit 3 bzw. 4 Pl\u00e4tzen f\u00fcr Erwachsene.<\/p>\n\n\n\nngg_shortcode_0_placeholder\n\n\n\n<h2 class=\"wp-block-heading\"><span class=\"ez-toc-section\" id=\"Wiesenhaus\"><\/span>Wiesenhaus<span class=\"ez-toc-section-end\"><\/span><\/h2>\n\n\n\n<p class=\"has-background\" style=\"background-color:#edd9d9\">Das &#8222;Wiesenhaus&#8220; wurde 2016 fertiggestellt und bietet Platz f\u00fcr sieben erwachsene Bewohner\/innen.<\/p>\n\n\n\nngg_shortcode_1_placeholder\n\n\n\n<h2 class=\"wp-block-heading\"><span class=\"ez-toc-section\" id=\"Landhaus\"><\/span>Landhaus<span class=\"ez-toc-section-end\"><\/span><\/h2>\n\n\n\n<p class=\"has-background\" style=\"background-color:#edd9d9\">\u00a0Die Au\u00dfenwohngruppe &#8222;Landhaus&#8220; liegt etwa zwei km entfernt am Waldrand und ist fu\u00dfl\u00e4ufig gut zu erreichen. Das freistehende Haus bietet sechs Wohnpl\u00e4tze f\u00fcr Erwachsene.<\/p>\n\n\n\nngg_shortcode_2_placeholder\n\n\n\n<h2 class=\"wp-block-heading\"><span class=\"ez-toc-section\" id=\"Kultur_und_Jahreslauf\"><\/span> Kultur und Jahreslauf<span class=\"ez-toc-section-end\"><\/span><\/h2>\n\n\n\n<p class=\"has-background\" style=\"background-color:#fff1e2\">&nbsp;Das Leben in Rhythmen gibt den Bewohner\/innen Kraft und Orientierung. Das Jahr wird gegliedert durch die christlichen Jahresfeste mit ihren Br\u00e4uchen und besonderen Stimmungen. Sie werden gepflegt mit Feierstunden, Raum- und Fensterschmuck, Bildern, Geschichten, Lied- und Spruchgut.<br>In unserem Festsaal finden regelm\u00e4\u00dfig kulturelle Veranstaltungen statt wie Konzerte, Theater- und Eurythmieauff\u00fchrungen, Puppenspiel uvm.<\/p>\n\n\n\nngg_shortcode_3_placeholder\n","protected":false},"excerpt":{"rendered":"<p>Die Wohn- und Werkstattgeb\u00e4ude von Haus Michael liegen in der kleinen Ansiedlung Wei\u00dfenseifen. Die Umgebung ist ruhig, l\u00e4ndlich und waldreich. Die n\u00e4chsten D\u00f6rfer und Kleinst\u00e4dte liegen zwischen vier und zwanzig Kilometer entfernt. In Wei\u00dfenseifen gibt es auch mehrere K\u00fcnstlerinitiativen.Die Wohn- und Werkstattgeb\u00e4ude liegen zusammen mit einigen Nebengeb\u00e4uden in einem park\u00e4hnlichen&#8230;<\/p>\n<p> <a class=\"continue-reading-link\" href=\"https:\/\/hm-weissenseifen.de\/web\/wohnen\/\"><span>Continue reading<\/span><i class=\"crycon-right-dir\"><\/i><\/a> <\/p>\n","protected":false},"author":1,"featured_media":0,"parent":0,"menu_order":0,"comment_status":"closed","ping_status":"closed","template":"","meta":{"ngg_post_thumbnail":0,"footnotes":""},"class_list":["post-57","page","type-page","status-publish","hentry"],"_links":{"self":[{"href":"https:\/\/hm-weissenseifen.de\/web\/wp-json\/wp\/v2\/pages\/57","targetHints":{"allow":["GET"]}}],"collection":[{"href":"https:\/\/hm-weissenseifen.de\/web\/wp-json\/wp\/v2\/pages"}],"about":[{"href":"https:\/\/hm-weissenseifen.de\/web\/wp-json\/wp\/v2\/types\/page"}],"author":[{"embeddable":true,"href":"https:\/\/hm-weissenseifen.de\/web\/wp-json\/wp\/v2\/users\/1"}],"replies":[{"embeddable":true,"href":"https:\/\/hm-weissenseifen.de\/web\/wp-json\/wp\/v2\/comments?post=57"}],"version-history":[{"count":27,"href":"https:\/\/hm-weissenseifen.de\/web\/wp-json\/wp\/v2\/pages\/57\/revisions"}],"predecessor-version":[{"id":847,"href":"https:\/\/hm-weissenseifen.de\/web\/wp-json\/wp\/v2\/pages\/57\/revisions\/847"}],"wp:attachment":[{"href":"https:\/\/hm-weissenseifen.de\/web\/wp-json\/wp\/v2\/media?parent=57"}],"curies":[{"name":"wp","href":"https:\/\/api.w.org\/{rel}","templated":true}]}}