{"id":703,"date":"2020-06-10T10:09:03","date_gmt":"2020-06-10T08:09:03","guid":{"rendered":"http:\/\/hm-weissenseifen.de\/web\/?page_id=703"},"modified":"2020-06-10T10:11:08","modified_gmt":"2020-06-10T08:11:08","slug":"leitbild-2","status":"publish","type":"page","link":"https:\/\/hm-weissenseifen.de\/web\/leitbild-2\/","title":{"rendered":"Leitbild"},"content":{"rendered":"\n<p>Haus\nMichael ist ein Lebensort mit Schule und therapeutischen Werkst\u00e4tten f\u00fcr\nseelenpflege- bed\u00fcrftige Menschen. Hier leben vor allem Menschen mit Formen der\nAutismus-Spektrum-St\u00f6rung aller Altersstufen und ihrer unterschiedlichen\nAuspr\u00e4gungen.<\/p>\n\n\n\n<p>Ziel\nunserer Arbeit ist, K\u00f6rper und Seele der hier lebenden Menschen so zu st\u00e4rken,\ndass die Individualit\u00e4t sich in ihnen wenigstens anf\u00e4nglich verwirklichen kann.\nDas bedingt, dass wir die pers\u00f6nlichen W\u00fcnsche und Intentionen der hier\nlebenden Menschen mit Assistenzbedarf versuchen wahrzunehmen, zu verstehen und\nin die F\u00f6rderung ihrer Entwicklung mit einzubeziehen.<\/p>\n\n\n\n<p>Es\nwird angestrebt, durch die weitgehende \u00dcberwindung der durch das Autismusspektrum\nund der Seelenpflegebed\u00fcrftigkeit bedingten Problematik die F\u00e4higkeit zur\nSelbstst\u00e4ndigkeit und Teilhabe an der Welt hervorzubringen.<\/p>\n\n\n\n<p>Grundlage\nder gesamten Arbeit ist das Menschenbild beruhend auf der Geisteswissenschaft\nRudolf Steiners.<\/p>\n\n\n\n<p>Wir\nsehen den Menschen als eine Einheit von Leib, Seele und Geist, als eine\nIndividualit\u00e4t in seiner Einzigartigkeit und Entwicklungsf\u00e4higkeit, unabh\u00e4ngig\nvon den Erschwernissen und Behinderungen, die zu seinem Leben geh\u00f6ren.<\/p>\n\n\n\n<p>Die\nPflege und F\u00f6rderung der hier lebenden Menschen findet derzeit in 5 Wohngruppen\nstatt sowie in der Schule, den therapeutischen Werkst\u00e4tten und in dem\nangeschlossenen landwirtschaftlichen Betrieb mit Demeter-Anerkennung.<\/p>\n\n\n\n<p>&nbsp;Alle Bewohner und Bewohnerinnen von Haus\nMichael erhalten eine anthroposophische, hom\u00f6opathische Konstitutionstherapie.\nWeitere wesentliche Anteile an Pflege und F\u00f6rderung bilden die Kunsttherapien,\nk\u00fcnstlerische Veranstaltungen und die christlich- religi\u00f6se Durchdringung des\nTages- und Jahreslaufs.<\/p>\n\n\n\n<p>Das\nWohlergehen der Gemeinschaft w\u00e4chst mit ihrer Individualit\u00e4tsf\u00e4higkeit und der\nGemeinschaftsf\u00e4higkeit ihrer Mitglieder. Diese Qualit\u00e4ten gilt es zu entdecken,\nzu entwickeln und zu f\u00f6rdern.<\/p>\n\n\n\n<p>Wir\nwollen unsere Gemeinschaft nach den Gesichtspunkten der sozialen Dreigliederung\ngestalten: Geistes-, Rechts-, und Wirtschaftsleben. Wir verwalten uns selbst,\nindem wir gemeinsam Formen und Regeln unseres Zusammenlebens und -arbeitens\nentwickeln, verabreden und beachten. Die sozialen Formen werden immer wieder\nbewusst gemacht und dem sozialen Leben angepasst. Die Gestaltung der sozialen\nFormen im Sinne einer sozialen Kunst ist ein wichtiges Ziel.<\/p>\n\n\n\n<p>Im\nHaus Michael mitarbeiten hei\u00dft auch, sich f\u00fcr die Verwirklichung des Impulses;\nwie er im Leitbild dargestellt ist, im Rahmen der \u00fcbernommenen Verantwortung\nfachlich und sozial einzusetzen.<\/p>\n","protected":false},"excerpt":{"rendered":"<p>Haus Michael ist ein Lebensort mit Schule und therapeutischen Werkst\u00e4tten f\u00fcr seelenpflege- bed\u00fcrftige Menschen. Hier leben vor allem Menschen mit Formen der Autismus-Spektrum-St\u00f6rung aller Altersstufen und ihrer unterschiedlichen Auspr\u00e4gungen. Ziel unserer Arbeit ist, K\u00f6rper und Seele der hier lebenden Menschen so zu st\u00e4rken, dass die Individualit\u00e4t sich in ihnen wenigstens&#8230;<\/p>\n<p> <a class=\"continue-reading-link\" href=\"https:\/\/hm-weissenseifen.de\/web\/leitbild-2\/\"><span>Continue reading<\/span><i class=\"crycon-right-dir\"><\/i><\/a> <\/p>\n","protected":false},"author":2,"featured_media":0,"parent":0,"menu_order":0,"comment_status":"closed","ping_status":"closed","template":"","meta":{"ngg_post_thumbnail":0,"footnotes":""},"class_list":["post-703","page","type-page","status-publish","hentry"],"_links":{"self":[{"href":"https:\/\/hm-weissenseifen.de\/web\/wp-json\/wp\/v2\/pages\/703","targetHints":{"allow":["GET"]}}],"collection":[{"href":"https:\/\/hm-weissenseifen.de\/web\/wp-json\/wp\/v2\/pages"}],"about":[{"href":"https:\/\/hm-weissenseifen.de\/web\/wp-json\/wp\/v2\/types\/page"}],"author":[{"embeddable":true,"href":"https:\/\/hm-weissenseifen.de\/web\/wp-json\/wp\/v2\/users\/2"}],"replies":[{"embeddable":true,"href":"https:\/\/hm-weissenseifen.de\/web\/wp-json\/wp\/v2\/comments?post=703"}],"version-history":[{"count":3,"href":"https:\/\/hm-weissenseifen.de\/web\/wp-json\/wp\/v2\/pages\/703\/revisions"}],"predecessor-version":[{"id":708,"href":"https:\/\/hm-weissenseifen.de\/web\/wp-json\/wp\/v2\/pages\/703\/revisions\/708"}],"wp:attachment":[{"href":"https:\/\/hm-weissenseifen.de\/web\/wp-json\/wp\/v2\/media?parent=703"}],"curies":[{"name":"wp","href":"https:\/\/api.w.org\/{rel}","templated":true}]}}