{"id":851,"date":"2022-09-26T11:14:51","date_gmt":"2022-09-26T09:14:51","guid":{"rendered":"http:\/\/hm-weissenseifen.de\/web\/?page_id=851"},"modified":"2025-06-26T14:18:08","modified_gmt":"2025-06-26T12:18:08","slug":"jobs-2022","status":"publish","type":"page","link":"https:\/\/hm-weissenseifen.de\/web\/jobs-2022\/","title":{"rendered":"Stellenangebote"},"content":{"rendered":"\n<p class=\"has-background\" style=\"background-color:#e5e5e5\">Wir erweitern unsere Wohngruppen und brauchen Verst\u00e4rkung f\u00fcr unser Team.<br><\/p>\n\n\n\n\n\n\n<div style=\"height:15px\" aria-hidden=\"true\" class=\"wp-block-spacer\"><\/div>\n\n\n\n<div class=\"wp-block-buttons is-content-justification-right is-layout-flex wp-container-core-buttons-is-layout-765c4724 wp-block-buttons-is-layout-flex\"><\/div>\n\n\n\n<div style=\"height:23px\" aria-hidden=\"true\" class=\"wp-block-spacer\"><\/div>\n\n\n\n<hr class=\"wp-block-separator has-alpha-channel-opacity is-style-wide\"\/>\n\n\n\n<div class=\"wp-block-group\"><div class=\"wp-block-group__inner-container is-layout-flow wp-block-group-is-layout-flow\">\n<h3 class=\"has-vivid-green-cyan-color has-text-color wp-block-heading\">Raumpfleger <strong>(m\/w\/d)<\/strong><\/h3>\n\n\n\n<p><\/p>\n\n\n\n<p>Ansprechpartnerin: Larissa Wisser, Einrichtungsleitung<br><strong>Tel.:<\/strong> 06594 &#8211; 924310<br><strong>eMail:<\/strong> <a href=\"mailto:info@hm-weissenseifen.de\">info@hm-weissenseifen.de<\/a><\/p>\n\n\n\n<div class=\"wp-block-buttons is-content-justification-right is-layout-flex wp-container-core-buttons-is-layout-765c4724 wp-block-buttons-is-layout-flex\">\n<div class=\"wp-block-button has-custom-width wp-block-button__width-25\"><a class=\"wp-block-button__link\" href=\"http:\/\/hm-weissenseifen.de\/web\/heilerziehungspflegerinnen\/\">Mehr Infos&#8230;<\/a><\/div>\n<\/div>\n<\/div><\/div>\n\n\n\n<div style=\"height:23px\" aria-hidden=\"true\" class=\"wp-block-spacer\"><\/div>\n\n\n\n<hr class=\"wp-block-separator has-alpha-channel-opacity is-style-wide\"\/>\n\n\n\n<div class=\"wp-block-group\"><div class=\"wp-block-group__inner-container is-layout-flow wp-block-group-is-layout-flow\">\n<p><\/p>\n\n\n\n<div class=\"wp-block-buttons is-content-justification-right is-layout-flex wp-container-core-buttons-is-layout-765c4724 wp-block-buttons-is-layout-flex\"><\/div>\n<\/div><\/div>\n\n\n\n<div style=\"height:23px\" aria-hidden=\"true\" class=\"wp-block-spacer\"><\/div>\n\n\n\n<hr class=\"wp-block-separator has-alpha-channel-opacity is-style-wide\"\/>\n\n\n\n<div class=\"wp-block-group\"><div class=\"wp-block-group__inner-container is-layout-flow wp-block-group-is-layout-flow\">\n<h3 class=\"wp-block-heading has-vivid-red-color has-text-color\">Heilerziehungspfleger <strong>(m\/w\/d)<\/strong><\/h3>\n\n\n\n<p><\/p>\n\n\n\n<p>Ansprechpartnerin: Larissa Wisser, Einrichtungsleitung<br><strong>Tel.:<\/strong> 06594 &#8211; 924310<br><strong>eMail:<\/strong> <a href=\"mailto:info@hm-weissenseifen.de\">info@hm-weissenseifen.de<\/a><\/p>\n\n\n\n<div class=\"wp-block-buttons is-content-justification-right is-layout-flex wp-container-core-buttons-is-layout-765c4724 wp-block-buttons-is-layout-flex\">\n<div class=\"wp-block-button has-custom-width wp-block-button__width-25\"><a class=\"wp-block-button__link wp-element-button\" href=\"https:\/\/hm-weissenseifen.de\/web\/heilerziehungspfleger-m-w-d\">Mehr Infos&#8230;<\/a><\/div>\n<\/div>\n<\/div><\/div>\n\n\n\n<div style=\"height:23px\" aria-hidden=\"true\" class=\"wp-block-spacer\"><\/div>\n\n\n\n<hr class=\"wp-block-separator has-alpha-channel-opacity is-style-wide\"\/>\n\n\n\n<p><\/p>\n\n\n\n<h3 class=\"wp-block-heading\">Wir suchen weitere helfende H\u00e4nde&#8230;<br><\/h3>\n\n\n\n<div style=\"height:25px\" aria-hidden=\"true\" class=\"wp-block-spacer\"><\/div>\n\n\n\n<p class=\"has-background\" style=\"background-color:#ededed\"><strong>Quereinsteiger<\/strong><br>Sie k\u00f6nnen sich als Quereinsteiger f\u00fcr Ihre berufliche Zukunft eine sinnstiftende T\u00e4tigkeit in der Betreuung und Unterst\u00fctzung f\u00fcr behinderte Menschen vorstellen? Sie m\u00f6chten gemeinsam mit einem engagierten Team arbeiten mit Zeit und Gestaltungsspielr\u00e4umen? Wir haben auf Sie zugeschnittene Arbeitsmodelle auf Teilzeit- oder Vollzeitbasis.<br>Sie sind interessiert, haben Freude an Menschen und an der Arbeit im Team: <br>Bitte sprechen Sie und an und vereinbaren Sie einen Termin.<\/p>\n\n\n\n<hr class=\"wp-block-separator has-alpha-channel-opacity is-style-wide\"\/>\n\n\n\n<p class=\"has-background\" style=\"background-color:#d3e1af\"><strong>Ausbildung<\/strong><br>Sie haben schon erste berufliche Erfahrungen im sozialen Bereich, und Interesse an Betreuung behinderter Menschen in ihrem Alltag? Wir bilden aus und sind anerkannte Praxisstelle f\u00fcr die Ausbildung in der Heilerziehungspflege mit Fachschulen in Rheinland-Pfalz. Sie sind interessiert, haben Freude an Menschen und an der Arbeit im Team: Bitte sprechen Sie und an und vereinbaren Sie einen Termin.<\/p>\n\n\n\n<hr class=\"wp-block-separator has-alpha-channel-opacity is-style-wide\"\/>\n\n\n\n<p class=\"has-background\" style=\"background-color:#f4dc9c\"><strong>Freiwilligendienste<\/strong><br>Du hast Deine Schule abgeschlossen und m\u00f6chtest ein Freiwilliges Soziales Jahr absolvieren? Oder Du suchst in Deinem Studium sozialer Berufe einen Praktikumsplatz?<br>Wir bieten unseren Freiwilligen und Praktikanten einen Platz f\u00fcr ein soziales oder \u00f6kologisches Jahr im Werkstattbereich, in der Tagesstruktur oder in der Landwirtschaft. Wir vermitteln Wohnpl\u00e4tze auf unserem Gel\u00e4nde, die nach Verf\u00fcgbarkeit kostenfrei von unseren Freiwilligen und Praktikanten genutzt werden k\u00f6nnen. Erfahrene Mentor*innen werden allen Auszubildenden stets zur Seite gestellt.<\/p>\n\n\n\n<p>Ansprechpartnerin: Larissa Wisser, Einrichtungsleitung<br><strong>Tel.:<\/strong> 06594 &#8211; 924310<br><strong>eMail:<\/strong> <a href=\"mailto:info@hm-weissenseifen.de\">info@hm-weissenseifen.de<\/a><\/p>\n","protected":false},"excerpt":{"rendered":"<p>Wir erweitern unsere Wohngruppen und brauchen Verst\u00e4rkung f\u00fcr unser Team. Heilerziehungspfleger (m\/w\/d) Wir suchen weitere helfende H\u00e4nde&#8230; QuereinsteigerSie k\u00f6nnen sich als Quereinsteiger f\u00fcr Ihre berufliche Zukunft eine sinnstiftende T\u00e4tigkeit in der Betreuung und Unterst\u00fctzung f\u00fcr behinderte Menschen vorstellen? Sie m\u00f6chten gemeinsam mit einem engagierten Team arbeiten mit Zeit und Gestaltungsspielr\u00e4umen?&#8230;<\/p>\n<p> <a class=\"continue-reading-link\" href=\"https:\/\/hm-weissenseifen.de\/web\/jobs-2022\/\"><span>Continue reading<\/span><i class=\"crycon-right-dir\"><\/i><\/a> <\/p>\n","protected":false},"author":1,"featured_media":0,"parent":0,"menu_order":0,"comment_status":"closed","ping_status":"closed","template":"","meta":{"ngg_post_thumbnail":0,"footnotes":""},"class_list":["post-851","page","type-page","status-publish","hentry"],"_links":{"self":[{"href":"https:\/\/hm-weissenseifen.de\/web\/wp-json\/wp\/v2\/pages\/851","targetHints":{"allow":["GET"]}}],"collection":[{"href":"https:\/\/hm-weissenseifen.de\/web\/wp-json\/wp\/v2\/pages"}],"about":[{"href":"https:\/\/hm-weissenseifen.de\/web\/wp-json\/wp\/v2\/types\/page"}],"author":[{"embeddable":true,"href":"https:\/\/hm-weissenseifen.de\/web\/wp-json\/wp\/v2\/users\/1"}],"replies":[{"embeddable":true,"href":"https:\/\/hm-weissenseifen.de\/web\/wp-json\/wp\/v2\/comments?post=851"}],"version-history":[{"count":70,"href":"https:\/\/hm-weissenseifen.de\/web\/wp-json\/wp\/v2\/pages\/851\/revisions"}],"predecessor-version":[{"id":1235,"href":"https:\/\/hm-weissenseifen.de\/web\/wp-json\/wp\/v2\/pages\/851\/revisions\/1235"}],"wp:attachment":[{"href":"https:\/\/hm-weissenseifen.de\/web\/wp-json\/wp\/v2\/media?parent=851"}],"curies":[{"name":"wp","href":"https:\/\/api.w.org\/{rel}","templated":true}]}}